{"id":2337,"date":"2021-04-11T11:12:35","date_gmt":"2021-04-11T15:12:35","guid":{"rendered":"https:\/\/foxcreekgolfclub.ca\/fr\/?page_id=2337"},"modified":"2023-11-23T18:11:37","modified_gmt":"2023-11-23T23:11:37","slug":"legolf","status":"publish","type":"page","link":"https:\/\/foxcreekgolfclub.ca\/fr\/legolf\/","title":{"rendered":"Le Golf"},"content":{"rendered":"<section class=\"parallax full flex-col-center-center\" style=\"background: url(https:\/\/foxcreekgolfclub.ca\/fr\/wp-content\/uploads\/sites\/2\/2023\/11\/UP_FoxCreek_ScreenGrab_1.21.1.jpg) no-repeat center; background-size: cover; background-attachment: fixed; padding-top: 500px; padding-bottom: 200px;\">\r\n\r\n\t        \r\n\t<div class=\"center center-align\">\r\n\r\n\t\t\r\n\t\t\t\r\n\t\t\t\t\r\n\t\t\t\t\t<p class=\"title\" style=\"color: #f9f6ef; margin-bottom: 0px;\">UNE NOUVELLE FA\u00c7ON DE FAIRE L&#8217;EXP\u00c9RIENCE DU GOLF. <\/p>\r\n\r\n\t\t\t\t\r\n\t\t\t\t\r\n\t\t\t\t\r\n\t\t\t\t\r\n\t\t\t\t\t\t\t\r\n\t\t\t\r\n\t\t\r\n\t<\/div>\r\n\t\r\n<\/section>\n\n<section class=\"picture-parallax full\" style=\"background: #f9f6ef; padding-top: 200px; padding-bottom: 200px;\">\r\n\r\n    <div class=\"center flex-row-between-stretch right-align\">\r\n\r\n        <div class=\"picture-holder\">\r\n\r\n            \r\n                \r\n                    <div class=\"picture\" style=\"background: url(https:\/\/foxcreekgolfclub.ca\/fr\/wp-content\/uploads\/sites\/2\/2021\/04\/10-tee-off.jpg ) no-repeat center; background-size: cover; width: 65%; height: 500px;\"><\/div>\r\n                \r\n                \r\n                    <div class=\"picture\" style=\"background: url(https:\/\/foxcreekgolfclub.ca\/fr\/wp-content\/uploads\/sites\/2\/2023\/11\/UP_FoxCreek_ScreenGrab_1.14.1.jpg ) no-repeat center; background-size: cover; width: 60%; height: 300px;\"><\/div>\r\n                \r\n                \r\n            \r\n        <\/div>\r\n\r\n        <div class=\"info-holder\">\r\n\r\n            \r\n                \r\n                    \r\n                    \r\n                    \r\n                        <p class=\"subhead\" style=\"margin-bottom: 25px; color: #6d6a65;\">UN COURS ID\u00c9AL POUR LES MEMBRES<\/p>\r\n\r\n                    \r\n                    \r\n                        \r\n\r\n                \r\n                    \r\n                    \r\n                    \r\n                    \r\n                        <p class=\"copy\" style=\"margin-bottom: 0px; color: #222222;\">Un cours moderne \u00e9quitable avec de grands parcours sur un terrain magnifique. Dix-huit trous d\u00e9ambulables con\u00e7us par l\u2019un des meilleurs au Canada avec tous les \u00e9l\u00e9ments pour devenir un classique intemporel. C\u2019est Fox Creek.<br \/>\r\n<br \/>\r\nDepuis son ouverture en 2005, Fox Creek est le parcours pr\u00e9f\u00e9r\u00e9 de la r\u00e9gion de Moncton et de Dieppe, avec un concept, une jouabilit\u00e9 et des conditions qui se situent au-dessus des autres installations de golf. <br \/>\r\n<br \/>\r\nEn 2021, alors que Fox Creek devient une entreprise priv\u00e9e, les m\u00eames \u00e9l\u00e9ments qui ont attir\u00e9 les golfeurs vers ses fairways au cours des derni\u00e8res d\u00e9cennies demeures vraies, mais seulement meilleurs. Le cours, cr\u00e9\u00e9 par Graham Cooke, offre une exp\u00e9rience \u00e9quitable pour chaque golfeur, le d\u00e9fi la meilleure demande, et le plaisir que chaque joueur d\u00e9sire.<\/p>\r\n\r\n                    \r\n                        \r\n\r\n                \r\n            \r\n        <\/div>\r\n\r\n    <\/div>\r\n\r\n<\/section>\n\n<section class=\"parallax full flex-col-center-center\" style=\"background: url(https:\/\/foxcreekgolfclub.ca\/fr\/wp-content\/uploads\/sites\/2\/2023\/11\/UP_FoxCreek_ScreenGrab_1.5.1.jpg) no-repeat center; background-size: cover; background-attachment: fixed; padding-top: 350px; padding-bottom: 350px;\">\r\n\r\n\t        \r\n\t<div class=\"center center-align\">\r\n\r\n\t\t\r\n\t<\/div>\r\n\t\r\n<\/section>\n\n<section class=\"parallax full flex-col-center-center\" style=\"background: url(https:\/\/foxcreekgolfclub.ca\/fr\/wp-content\/uploads\/sites\/2\/2023\/11\/UP_FoxCreek_ScreenGrab_1.7.1.jpg) no-repeat center; background-size: cover; background-attachment: fixed; padding-top: 350px; padding-bottom: 350px;\">\r\n\r\n\t        \r\n\t<div class=\"center center-align\">\r\n\r\n\t\t\r\n\t<\/div>\r\n\t\r\n<\/section>\n\n<section class=\"copy-block full\" style=\"background-color: #6d6a65; padding-top: 150px; padding-bottom: 150px;\">\r\n\r\n\t<div class=\"center center-align\">\r\n\r\n\t\t\t\t\t\r\n\t\t\t\r\n\t\t\t\t\r\n\t\t\t\t\r\n\t\t\t\t\r\n\t\t\t\t\t<p class=\"subtitle\" style=\"color: #f9f6ef; margin-bottom: 25px;\">TOP 59 AU CANADA<\/p>\r\n\r\n\t\t\t\t\r\n\t\t\t\t\r\n\t\t\t\t\r\n\t\t\t\t\r\n\t\t\t\t\r\n\t\t\t\t\r\n\t\t\t\t\r\n\t\t\t\r\n\t\t\t\t\r\n\t\t\t\t\r\n\t\t\t\t\r\n\t\t\t\t\r\n\t\t\t\t\r\n\t\t\t\t\r\n\t\t\t\t\t<div class=\"full flex-row-center-center\" style=\"margin-bottom: 25px;\"><div class=\"keyline\" style=\"background-color: #d9cbc0;\"><\/div><\/div>\r\n\r\n\t\t\t\t\r\n\t\t\t\t\r\n\t\t\t\t\r\n\t\t\t\t\r\n\t\t\t\r\n\t\t\t\t\r\n\t\t\t\t\r\n\t\t\t\t\r\n\t\t\t\t\r\n\t\t\t\t\r\n\t\t\t\t\t<p class=\"copy\" style=\"color: #f9f6ef; margin-bottom: 0px;\">\u2014SCOREGolf (2013, 2015, 2017)<\/p>\r\n\r\n\t\t\t\t\r\n\t\t\t\t\r\n\t\t\t\t\r\n\t\t\t\t\r\n\t\t\t\t\r\n\t\t\t\t\t\t\r\n\t\t\r\n\t<\/div>\r\n\r\n<\/section>\n\n<section class=\"side-by-side full left-align\" style=\"background-color: #f9f6ef; padding-top: 150px; padding-bottom: 50px;\">\r\n\r\n\t<div class=\"copy-image flex-row-between-start\">\r\n\r\n\t\t\t\t\t\r\n\t\t\t\r\n\t\t\t\t<div class=\"copy-image-holder\" data-aos=\"fade-right\" style=\"background: url(https:\/\/foxcreekgolfclub.ca\/fr\/wp-content\/uploads\/sites\/2\/2021\/04\/DSC00385.jpg) no-repeat center; background-size: cover; height: 350px;\"><\/div>\r\n\r\n\t\t\t\r\n\t\t\t\t<div class=\"copy-image-holder\" data-aos=\"fade-up\" style=\"background: url() no-repeat center; background-size: cover; height: 0px;\"><\/div>\r\n\r\n\t\t\t\r\n\t\t\t\t<div class=\"copy-image-holder\" data-aos=\"fade-up\" style=\"background: url() no-repeat center; background-size: cover; height: 0px;\"><\/div>\r\n\r\n\t\t\t\t\t\t\r\n\t\t\r\n\t<\/div>\r\n\r\n\t<div class=\"content flex-col-start-start\">\r\n\r\n\t\t\t\t\t\r\n\t\t\t\r\n\t\t\t\t\r\n\t\t\t\t\r\n\t\t\t\t\r\n\t\t\t\t\t<p class=\"subhead\" data-aos=\"fade-down\" style=\"margin-bottom: 25px; color: #6d6a65; text-align: left;\">PRATIQUE RENDUE PARFAITE<\/p>\r\n\r\n\t\t\t\t\r\n\t\t\t\t\r\n\t\t\t\t\r\n\t\t\t\r\n\t\t\t\t\r\n\t\t\t\t\r\n\t\t\t\t\r\n\t\t\t\t\r\n\t\t\t\t\t<p class=\"copy\" data-aos=\"fade-up\" style=\"margin-bottom: 0px; color: #222222; text-align: left;\">Les membres ont un acc\u00e8s illimit\u00e9 \u00e0 l\u2019installation de pratique de Fox Creek, y compris notre terrasse gazonn\u00e9e, et mettre le vert, sans concurrence avec le public pour l\u2019espace.<br \/>\r\n<br \/>\r\nDe plus, sous la direction de notre directeur du golf et nombreux gagnant de l\u2019entra\u00eeneur de l\u2019ann\u00e9e du Canada atlantique, Louis Melanson, les membres ont acc\u00e8s \u00e0 une formation sp\u00e9cialis\u00e9e et \u00e0 des essayages de club.<\/p>\r\n\r\n\t\t\t\t\r\n\t\t\t\t\r\n\t\t\t\t\t\t\r\n\t\t\r\n\t<\/div>\r\n\t\r\n<\/section>\n\n<section class=\"side-by-side full right-align\" style=\"background-color: #f9f6ef; padding-top: 50px; padding-bottom: 150px;\">\r\n\r\n\t<div class=\"copy-image flex-row-between-start\">\r\n\r\n\t\t\t\t\t\r\n\t\t\t\r\n\t\t\t\t<div class=\"copy-image-holder\" data-aos=\"fade-left\" style=\"background: url(https:\/\/foxcreekgolfclub.ca\/fr\/wp-content\/uploads\/sites\/2\/2021\/04\/GrahamCook.jpg) no-repeat center; background-size: cover; height: 400px;\"><\/div>\r\n\r\n\t\t\t\r\n\t\t\t\t<div class=\"copy-image-holder\" data-aos=\"fade-up\" style=\"background: url() no-repeat center; background-size: cover; height: 0px;\"><\/div>\r\n\r\n\t\t\t\r\n\t\t\t\t<div class=\"copy-image-holder\" data-aos=\"fade-up\" style=\"background: url() no-repeat center; background-size: cover; height: 0px;\"><\/div>\r\n\r\n\t\t\t\t\t\t\r\n\t\t\r\n\t<\/div>\r\n\r\n\t<div class=\"content flex-col-start-start\">\r\n\r\n\t\t\t\t\t\r\n\t\t\t\r\n\t\t\t\t\r\n\t\t\t\t\r\n\t\t\t\t\r\n\t\t\t\t\t<p class=\"subhead\" data-aos=\"fade-down\" style=\"margin-bottom: 25px; color: #6d6a65; text-align: left;\">CONCEPTEUR :<\/p>\r\n\r\n\t\t\t\t\r\n\t\t\t\t\r\n\t\t\t\t\r\n\t\t\t\r\n\t\t\t\t\r\n\t\t\t\t\r\n\t\t\t\t\r\n\t\t\t\t\r\n\t\t\t\t\t<p class=\"copy\" data-aos=\"fade-up\" style=\"margin-bottom: 0px; color: #222222; text-align: left;\">Graham Cooke, membre du Temple de la renomm\u00e9e du golf canadien, con\u00e7oit des terrains depuis 40 ans et a con\u00e7u des installations prim\u00e9es et de premier plan au Canada et \u00e0 l\u2019\u00e9tranger. Reconnue pour la conception de parcours intrigants qui d\u00e9fient les meilleurs golfeurs, mais restent jouables pour la majorit\u00e9 des golfeurs, la signature de Cooke est partout \u00e0 Fox Creek.<br \/>\r\n<br \/>\r\nV\u00e9ritable joyau du parc, Cooke a utilis\u00e9 un style de bunker moderne, des fairways qui sillonnent un terrain vallonn\u00e9 et de grands parcours intemporel. C\u2019est la consid\u00e9ration de Cooke pour toutes les nuances de la propri\u00e9t\u00e9 qui fait de Fox Creek l\u2019un des cours d\u2019eau les plus r\u00e9put\u00e9s du Nouveau-Brunswick et une propri\u00e9t\u00e9 qui r\u00e9v\u00e8le ses secrets au fil du temps.<\/p>\r\n\r\n\t\t\t\t\r\n\t\t\t\t\r\n\t\t\t\t\t\t\r\n\t\t\r\n\t<\/div>\r\n\t\r\n<\/section>","protected":false},"excerpt":{"rendered":"","protected":false},"author":6,"featured_media":0,"parent":0,"menu_order":0,"comment_status":"closed","ping_status":"closed","template":"","meta":{"_acf_changed":false,"footnotes":""},"class_list":["post-2337","page","type-page","status-publish","hentry"],"acf":[],"_links":{"self":[{"href":"https:\/\/foxcreekgolfclub.ca\/fr\/wp-json\/wp\/v2\/pages\/2337","targetHints":{"allow":["GET"]}}],"collection":[{"href":"https:\/\/foxcreekgolfclub.ca\/fr\/wp-json\/wp\/v2\/pages"}],"about":[{"href":"https:\/\/foxcreekgolfclub.ca\/fr\/wp-json\/wp\/v2\/types\/page"}],"author":[{"embeddable":true,"href":"https:\/\/foxcreekgolfclub.ca\/fr\/wp-json\/wp\/v2\/users\/6"}],"replies":[{"embeddable":true,"href":"https:\/\/foxcreekgolfclub.ca\/fr\/wp-json\/wp\/v2\/comments?post=2337"}],"version-history":[{"count":57,"href":"https:\/\/foxcreekgolfclub.ca\/fr\/wp-json\/wp\/v2\/pages\/2337\/revisions"}],"predecessor-version":[{"id":2692,"href":"https:\/\/foxcreekgolfclub.ca\/fr\/wp-json\/wp\/v2\/pages\/2337\/revisions\/2692"}],"wp:attachment":[{"href":"https:\/\/foxcreekgolfclub.ca\/fr\/wp-json\/wp\/v2\/media?parent=2337"}],"curies":[{"name":"wp","href":"https:\/\/api.w.org\/{rel}","templated":true}]}}