{"id":2412,"date":"2021-04-11T13:00:24","date_gmt":"2021-04-11T17:00:24","guid":{"rendered":"https:\/\/foxcreekgolfclub.ca\/fr\/?page_id=2412"},"modified":"2023-11-23T18:18:55","modified_gmt":"2023-11-23T23:18:55","slug":"modedevie","status":"publish","type":"page","link":"https:\/\/foxcreekgolfclub.ca\/fr\/modedevie\/","title":{"rendered":"Mode de Vie"},"content":{"rendered":"<section class=\"parallax full flex-col-center-center\" style=\"background: url(https:\/\/foxcreekgolfclub.ca\/fr\/wp-content\/uploads\/sites\/2\/2023\/11\/UP_FoxCreek_ScreenGrab_1.18.1.jpg) no-repeat center; background-size: cover; background-attachment: fixed; padding-top: 500px; padding-bottom: 350px;\">\r\n\r\n\t        \r\n\t<div class=\"center center-align\">\r\n\r\n\t\t\r\n\t\t\t\r\n\t\t\t\t\r\n\t\t\t\t\t<p class=\"title\" style=\"color: #f9f6ef; margin-bottom: 25px;\">LE GOLF PRIV\u00c9 R\u00c9INVENT\u00c9<\/p>\r\n\r\n\t\t\t\t\r\n\t\t\t\t\r\n\t\t\t\t\r\n\t\t\t\t\r\n\t\t\t\t\t\t\t\r\n\t\t\t\r\n\t\t\r\n\t<\/div>\r\n\t\r\n<\/section>\n\n<section class=\"side-by-side full left-align\" style=\"background-color: #f9f6ef; padding-top: 150px; padding-bottom: 50px;\">\r\n\r\n\t<div class=\"copy-image flex-row-between-start\">\r\n\r\n\t\t\t\t\t\r\n\t\t\t\r\n\t\t\t\t<div class=\"copy-image-holder\" data-aos=\"fade-right\" style=\"background: url(https:\/\/foxcreekgolfclub.ca\/fr\/wp-content\/uploads\/sites\/2\/2021\/04\/123-Copy.jpg) no-repeat center; background-size: cover; height: 350px;\"><\/div>\r\n\r\n\t\t\t\r\n\t\t\t\t<div class=\"copy-image-holder\" data-aos=\"fade-up\" style=\"background: url() no-repeat center; background-size: cover; height: 0px;\"><\/div>\r\n\r\n\t\t\t\r\n\t\t\t\t<div class=\"copy-image-holder\" data-aos=\"fade-up\" style=\"background: url() no-repeat center; background-size: cover; height: 0px;\"><\/div>\r\n\r\n\t\t\t\t\t\t\r\n\t\t\r\n\t<\/div>\r\n\r\n\t<div class=\"content flex-col-start-start\">\r\n\r\n\t\t\t\t\t\r\n\t\t\t\r\n\t\t\t\t\r\n\t\t\t\t\r\n\t\t\t\t\r\n\t\t\t\t\t<p class=\"subhead\" data-aos=\"fade-down\" style=\"margin-bottom: 25px; color: #6d6a65; text-align: left;\">COMMODIT\u00c9S<br \/>\r\n<\/p>\r\n\r\n\t\t\t\t\r\n\t\t\t\t\r\n\t\t\t\t\r\n\t\t\t\r\n\t\t\t\t\r\n\t\t\t\t\r\n\t\t\t\t\r\n\t\t\t\t\r\n\t\t\t\t\t<p class=\"copy\" data-aos=\"fade-up\" style=\"margin-bottom: 0px; color: #222222; text-align: left;\">Un Clubhouse unique et moderne est \u00e0 la disposition de nos membres pour se d\u00e9tendre et profiter d&#8217;un service de restauration et de boissons avant ou apr\u00e8s leur parcours.<br \/>\r\n<br \/>\r\nNotre cantine d\u00e9contract\u00e9e offre la possibilit\u00e9 de prendre des collations, des boissons ou un repas rapide sur le pouce. Arrivez t\u00f4t et profitez d&#8217;un si\u00e8ge sur notre patio qui offre certaines des plus belles vues du Nouveau-Brunswick.  <\/p>\r\n\r\n\t\t\t\t\r\n\t\t\t\t\r\n\t\t\t\t\t\t\r\n\t\t\r\n\t<\/div>\r\n\t\r\n<\/section>\n\n<section class=\"side-by-side full right-align\" style=\"background-color: #f9f6ef; padding-top: 50px; padding-bottom: 150px;\">\r\n\r\n\t<div class=\"copy-image flex-row-between-start\">\r\n\r\n\t\t\t\t\t\r\n\t\t\t\r\n\t\t\t\t<div class=\"copy-image-holder\" data-aos=\"fade-right\" style=\"background: url(https:\/\/foxcreekgolfclub.ca\/fr\/wp-content\/uploads\/sites\/2\/2021\/04\/mussels.jpg) no-repeat center; background-size: cover; height: 350px;\"><\/div>\r\n\r\n\t\t\t\r\n\t\t\t\t<div class=\"copy-image-holder\" data-aos=\"fade-up\" style=\"background: url() no-repeat center; background-size: cover; height: 0px;\"><\/div>\r\n\r\n\t\t\t\r\n\t\t\t\t<div class=\"copy-image-holder\" data-aos=\"fade-up\" style=\"background: url() no-repeat center; background-size: cover; height: 0px;\"><\/div>\r\n\r\n\t\t\t\t\t\t\r\n\t\t\r\n\t<\/div>\r\n\r\n\t<div class=\"content flex-col-start-start\">\r\n\r\n\t\t\t\t\t\r\n\t\t\t\r\n\t\t\t\t\r\n\t\t\t\t\r\n\t\t\t\t\r\n\t\t\t\t\t<p class=\"subhead\" data-aos=\"fade-down\" style=\"margin-bottom: 25px; color: #6d6a65; text-align: left;\">ST. JAMES GATE<\/p>\r\n\r\n\t\t\t\t\r\n\t\t\t\t\r\n\t\t\t\t\r\n\t\t\t\r\n\t\t\t\t\r\n\t\t\t\t\r\n\t\t\t\t\r\n\t\t\t\t\r\n\t\t\t\t\t<p class=\"copy\" data-aos=\"fade-up\" style=\"margin-bottom: 25px; color: #222222; text-align: left;\">Avec une cuisine prim\u00e9e, un service personnalis\u00e9 et une atmosph\u00e8re charmante et intemporelle, le restaurant St. James&#8217; Gate est s\u00fbr de plaire. James&#8217; Gate offre de d\u00e9licieux repas \u00e0 tous les membres et \u00e0 leurs invit\u00e9s dans le confort du salon des membres.<\/p>\r\n\r\n\t\t\t\t\r\n\t\t\t\t\r\n\t\t\t\r\n\t\t\t\t\r\n\t\t\t\t\r\n\t\t\t\t\r\n\t\t\t\t\r\n\t\t\t\t\r\n\t\t\t\t\t<a href=\"https:\/\/www.st-jamesgate.ca\/dieppe\" title=\"SITE WEB\" target=\"_self\"><button class=\"primary-button\">SITE WEB<\/button><\/a>\r\n\r\n\t\t\t\t\r\n\t\t\t\t\t\t\r\n\t\t\r\n\t<\/div>\r\n\t\r\n<\/section>\n\n<section class=\"parallax full flex-col-center-center\" style=\"background: url(https:\/\/foxcreekgolfclub.ca\/fr\/wp-content\/uploads\/sites\/2\/2023\/11\/UP_FoxCreek_ScreenGrab_1.11.1.jpg) no-repeat center; background-size: cover; background-attachment: fixed; padding-top: 350px; padding-bottom: 350px;\">\r\n\r\n\t        \r\n\t<div class=\"center center-align\">\r\n\r\n\t\t\r\n\t<\/div>\r\n\t\r\n<\/section>","protected":false},"excerpt":{"rendered":"","protected":false},"author":6,"featured_media":0,"parent":0,"menu_order":0,"comment_status":"closed","ping_status":"closed","template":"","meta":{"_acf_changed":false,"footnotes":""},"class_list":["post-2412","page","type-page","status-publish","hentry"],"acf":[],"_links":{"self":[{"href":"https:\/\/foxcreekgolfclub.ca\/fr\/wp-json\/wp\/v2\/pages\/2412","targetHints":{"allow":["GET"]}}],"collection":[{"href":"https:\/\/foxcreekgolfclub.ca\/fr\/wp-json\/wp\/v2\/pages"}],"about":[{"href":"https:\/\/foxcreekgolfclub.ca\/fr\/wp-json\/wp\/v2\/types\/page"}],"author":[{"embeddable":true,"href":"https:\/\/foxcreekgolfclub.ca\/fr\/wp-json\/wp\/v2\/users\/6"}],"replies":[{"embeddable":true,"href":"https:\/\/foxcreekgolfclub.ca\/fr\/wp-json\/wp\/v2\/comments?post=2412"}],"version-history":[{"count":28,"href":"https:\/\/foxcreekgolfclub.ca\/fr\/wp-json\/wp\/v2\/pages\/2412\/revisions"}],"predecessor-version":[{"id":2697,"href":"https:\/\/foxcreekgolfclub.ca\/fr\/wp-json\/wp\/v2\/pages\/2412\/revisions\/2697"}],"wp:attachment":[{"href":"https:\/\/foxcreekgolfclub.ca\/fr\/wp-json\/wp\/v2\/media?parent=2412"}],"curies":[{"name":"wp","href":"https:\/\/api.w.org\/{rel}","templated":true}]}}