{"id":2430,"date":"2021-04-11T13:58:47","date_gmt":"2021-04-11T17:58:47","guid":{"rendered":"https:\/\/foxcreekgolfclub.ca\/fr\/?page_id=2430"},"modified":"2023-11-23T18:22:14","modified_gmt":"2023-11-23T23:22:14","slug":"adhesion","status":"publish","type":"page","link":"https:\/\/foxcreekgolfclub.ca\/fr\/adhesion\/","title":{"rendered":"Adh\u00e9sion"},"content":{"rendered":"<section class=\"parallax full flex-col-center-center\" style=\"background: url(https:\/\/foxcreekgolfclub.ca\/fr\/wp-content\/uploads\/sites\/2\/2023\/11\/UP_FoxCreek_ScreenGrab_1.3.1.jpg) no-repeat center; background-size: cover; background-attachment: fixed; padding-top: 500px; padding-bottom: 200px;\">\r\n\r\n\t        \r\n\t<div class=\"center center-align\">\r\n\r\n\t\t\r\n\t\t\t\r\n\t\t\t\t\r\n\t\t\t\t\t<p class=\"title\" style=\"color: #f9f6ef; margin-bottom: 25px;\">UNE COMMUNAUT\u00c9 DE GOLFEURS<\/p>\r\n\r\n\t\t\t\t\r\n\t\t\t\t\r\n\t\t\t\t\r\n\t\t\t\t\r\n\t\t\t\t\t\t\t\r\n\t\t\t\r\n\t\t\r\n\t<\/div>\r\n\t\r\n<\/section>\n\n<section class=\"picture-parallax full\" style=\"background: #f9f6ef; padding-top: 250px; padding-bottom: 100px;\">\r\n\r\n    <div class=\"center flex-row-between-stretch left-align\">\r\n\r\n        <div class=\"picture-holder\">\r\n\r\n            \r\n                \r\n                    <div class=\"picture\" style=\"background: url(https:\/\/foxcreekgolfclub.ca\/fr\/wp-content\/uploads\/sites\/2\/2023\/11\/UP_FoxCreek_ScreenGrab_1.1.1.jpg ) no-repeat center; background-size: cover; width: 60%; height: 500px;\"><\/div>\r\n                \r\n                \r\n                    <div class=\"picture\" style=\"background: url(https:\/\/foxcreekgolfclub.ca\/fr\/wp-content\/uploads\/sites\/2\/2021\/04\/DSC02314.jpg ) no-repeat center; background-size: cover; width: 55%; height: 300px;\"><\/div>\r\n                \r\n                \r\n            \r\n        <\/div>\r\n\r\n        <div class=\"info-holder\">\r\n\r\n            \r\n                \r\n                    \r\n                    \r\n                    \r\n                        <p class=\"subhead\" style=\"margin-bottom: 25px; color: #6d6a65;\">DEVIENT UN MEMBRE<\/p>\r\n\r\n                    \r\n                    \r\n                        \r\n\r\n                \r\n                    \r\n                    \r\n                    \r\n                    \r\n                        <p class=\"copy\" style=\"margin-bottom: 25px; color: #222222;\">Depuis 2005, Fox Creek offre un terrain de golf raffin\u00e9 et sur\u00e9lev\u00e9 con\u00e7u par Graham Cooke, membre prim\u00e9 du Temple de la renomm\u00e9e du golf canadien. <br \/>\r\n<br \/>\r\nEn 2021, l\u2019installation est pass\u00e9e \u00e0 un club priv\u00e9, offrant un meilleur acc\u00e8s au tee et \u00e0 d\u2019excellentes conditions de parcours.<\/p>\r\n\r\n                    \r\n                        \r\n\r\n                \r\n                    \r\n                    \r\n                    \r\n                        <p class=\"subhead\" style=\"margin-bottom: 25px; color: #6d6a65;\">L&#8217;ADH\u00c9SION COMPREND<\/p>\r\n\r\n                    \r\n                    \r\n                        \r\n\r\n                \r\n                    \r\n                    \r\n                    \r\n                    \r\n                        <p class=\"copy\" style=\"margin-bottom: 0px; color: #222222;\">\u2022 Acc\u00e8s illimit\u00e9 aux d\u00e9parts<br \/>\r\n\u2022 Acc\u00e8s illimit\u00e9 au practice et aux installations d&#8217;entra\u00eenement<br \/>\r\n\u2022 Privil\u00e8ges de restauration priv\u00e9e avec un compte de membre<br \/>\r\n\u2022 \u00c9v\u00e9nements de golf et activit\u00e9s sociales pour les membres<br \/>\r\n\u2022 Acc\u00e8s \u00e0 l&#8217;entreposage des clubs de golf, \u00e0 l&#8217;entreposage des chariots et \u00e0 un casier priv\u00e9  <br \/>\r\n\u2022 Simulateurs de golf Trackman (saison d&#8217;hiver)<\/p>\r\n\r\n                    \r\n                        \r\n\r\n                \r\n            \r\n        <\/div>\r\n\r\n    <\/div>\r\n\r\n<\/section>\n\n<section class=\"membership-form full\" style=\"background-color: #f9f6ef; padding-top: 100px; padding-bottom: 150px;\">\r\n\r\n    <div class=\"center\">\r\n\r\n        \r\n            <p class=\"title\" style=\"color: #6d6a65; margin-bottom: 25px;\">DEMANDEZ AUJOURD&#8217;HUI<\/p>\r\n\r\n            <p class=\"copy\" style=\"color: #222222; margin-bottom: 50px;\">En tant que membre de Fox Creek, vous aurez un acc\u00e8s exceptionnel au tee et aux installations d&#8217;entra\u00eenement, et une fois sur le parcours, vous ferez partie d&#8217;une communaut\u00e9 de membres qui ont le m\u00eame respect et le m\u00eame lien avec le jeu.<br \/>\r\n<br \/>\r\nContactez notre \u00e9quipe et nous serons heureux de vous fournir toutes les questions que vous pourriez avoir sur le golf priv\u00e9 \u00e0 Fox Creek.<\/p>\r\n\r\n        \r\n        <div class=\"form-holder full\">\r\n\r\n            <div class=\"frm_forms  with_frm_style frm_style_formidable-style\" id=\"frm_form_2_container\" >\n<form enctype=\"multipart\/form-data\" method=\"post\" class=\"frm-show-form  frm_js_validate  frm_pro_form \" id=\"form_membershipinquiry\" >\n<div class=\"frm_form_fields \">\n<fieldset>\n<legend class=\"frm_screen_reader\">Demande d&#8217;adh\u00e9sion<\/legend>\r\n\r\n<div class=\"frm_fields_container\">\n<input type=\"hidden\" name=\"frm_action\" value=\"create\" \/>\n<input type=\"hidden\" name=\"form_id\" value=\"2\" \/>\n<input type=\"hidden\" name=\"frm_hide_fields_2\" id=\"frm_hide_fields_2\" value=\"\" \/>\n<input type=\"hidden\" name=\"form_key\" value=\"membershipinquiry\" \/>\n<input type=\"hidden\" name=\"item_meta[0]\" value=\"\" \/>\n<input type=\"hidden\" id=\"frm_submit_entry_2\" name=\"frm_submit_entry_2\" value=\"146e1c6962\" \/><input type=\"hidden\" name=\"_wp_http_referer\" value=\"\/fr\/wp-json\/wp\/v2\/pages\/2430\" \/><div id=\"frm_field_6_container\" class=\"frm_form_field form-field  frm_required_field frm_top_container\">\r\n    <label for=\"field_wnekk\" id=\"field_wnekk_label\" class=\"frm_primary_label\">Nom\r\n        <span class=\"frm_required\" aria-hidden=\"true\">*<\/span>\r\n    <\/label>\r\n    <input  type=\"text\" id=\"field_wnekk\" name=\"item_meta[6]\" value=\"\"  placeholder=\"Nom\" data-reqmsg=\"Nom cannot be blank.\" aria-required=\"true\" data-invmsg=\"Text is invalid\" aria-invalid=\"false\"   \/>\r\n    \r\n    \r\n<\/div>\n<div id=\"frm_field_7_container\" class=\"frm_form_field form-field  frm_required_field frm_top_container frm_third\">\r\n    <label for=\"field_8l45g\" id=\"field_8l45g_label\" class=\"frm_primary_label\">Courriel\r\n        <span class=\"frm_required\" aria-hidden=\"true\">*<\/span>\r\n    <\/label>\r\n    <input type=\"email\" id=\"field_8l45g\" name=\"item_meta[7]\" value=\"\"  placeholder=\"acme@acme.com\" data-reqmsg=\"Courriel cannot be blank.\" aria-required=\"true\" data-invmsg=\"Email is invalid\" aria-invalid=\"false\"  \/>\r\n    \r\n    \r\n<\/div>\n<div id=\"frm_field_8_container\" class=\"frm_form_field form-field  frm_top_container frm_third\">\r\n    <label for=\"field_1b35s\" id=\"field_1b35s_label\" class=\"frm_primary_label\">T\u00e9l\u00e9phone\r\n        <span class=\"frm_required\" aria-hidden=\"true\"><\/span>\r\n    <\/label>\r\n    <input type=\"tel\" id=\"field_1b35s\" name=\"item_meta[8]\" value=\"\"  placeholder=\"555-555-5555\" data-invmsg=\"Phone is invalid\" aria-invalid=\"false\" pattern=\"((\\+\\d{1,3}(-|.| )?\\(?\\d\\)?(-| |.)?\\d{1,5})|(\\(?\\d{2,6}\\)?))(-|.| )?(\\d{3,4})(-|.| )?(\\d{4})(( x| ext)\\d{1,5}){0,1}$\"  \/>\r\n    \r\n    \r\n<\/div>\n<div id=\"frm_field_9_container\" class=\"frm_form_field form-field  frm_required_field frm_top_container frm_third\">\r\n    <label for=\"field_1pn4t\" id=\"field_1pn4t_label\" class=\"frm_primary_label\">Code Postal\r\n        <span class=\"frm_required\" aria-hidden=\"true\">*<\/span>\r\n    <\/label>\r\n    <input  type=\"text\" id=\"field_1pn4t\" name=\"item_meta[9]\" value=\"\"  placeholder=\"A1B 2C3\" data-reqmsg=\"Code Postal cannot be blank.\" aria-required=\"true\" data-invmsg=\"Text is invalid\" aria-invalid=\"false\"   \/>\r\n    \r\n    \r\n<\/div>\n<div id=\"frm_field_10_container\" class=\"frm_form_field form-field  frm_required_field frm_top_container frm_half\">\r\n    <label for=\"field_e3ijb\" id=\"field_e3ijb_label\" class=\"frm_primary_label\">Cat\u00e9gorie d&#8217;adh\u00e9sion\r\n        <span class=\"frm_required\" aria-hidden=\"true\">*<\/span>\r\n    <\/label>\r\n    \t\t<select name=\"item_meta[10]\" id=\"field_e3ijb\"  data-placeholder=\"Select an option\"  data-frmval=\"Adult\" data-reqmsg=\"Cat\u00e9gorie d&#039;adh\u00e9sion cannot be blank.\" aria-required=\"true\" data-invmsg=\"Cat\u00e9gorie d&#039;adh\u00e9sion is invalid\" class=\"frm_slimselect\" aria-invalid=\"false\"  >\n\t\t<option  value=\"Adulte\">Adulte<\/option><option  value=\"Des couples\">Des couples<\/option><option  value=\"Famille\">Famille<\/option><option  value=\"Interm\u00e9diaire\">Interm\u00e9diaire<\/option><option  value=\"\u00c9tudiant\">\u00c9tudiant<\/option><option  value=\"Junior\">Junior<\/option><option  value=\"Entreprise\">Entreprise<\/option>\t<\/select>\n\t\r\n    \r\n    \r\n<\/div>\n<div id=\"frm_field_11_container\" class=\"frm_form_field form-field  frm_top_container frm_half\">\r\n    <label for=\"field_jo746\" id=\"field_jo746_label\" class=\"frm_primary_label\">Comment avez-vous entendu parler de nous?\r\n        <span class=\"frm_required\" aria-hidden=\"true\"><\/span>\r\n    <\/label>\r\n    \t\t<select name=\"item_meta[11]\" id=\"field_jo746\"  data-placeholder=\"Select an option\"  data-frmval=\"Social Media\" data-invmsg=\"Comment avez-vous entendu parler de nous? is invalid\" class=\"frm_slimselect\" aria-invalid=\"false\"  >\n\t\t<option  value=\"Les r\u00e9seaux sociales\">Les r\u00e9seaux sociales<\/option><option  value=\"Recherche Internet\">Recherche Internet<\/option><option  value=\"R\u00e9f\u00e9rence de membre\">R\u00e9f\u00e9rence de membre<\/option>\t<\/select>\n\t\r\n    \r\n    \r\n<\/div>\n\t<input type=\"hidden\" name=\"item_key\" value=\"\" \/>\n\t\t\t<div id=\"frm_field_12_container\">\n\t\t\t<label for=\"field_14cor\" >\n\t\t\t\tIf you are human, leave this field blank.\t\t\t<\/label>\n\t\t\t<input  id=\"field_14cor\" type=\"text\" class=\"frm_form_field form-field frm_verify\" name=\"item_meta[12]\" value=\"\"  \/>\n\t\t<\/div>\n\t\t<input name=\"frm_state\" type=\"hidden\" value=\"rLI8LsEME9Q0\/lGPFPIcJU3J4oouJXnyCDAnZXdk82q596oYZ\/YWGI5h8ECsO9a+\" \/><div class=\"frm_submit\">\r\n\r\n<button class=\"frm_button_submit frm_final_submit\" type=\"submit\"   formnovalidate=\"formnovalidate\">Submit<\/button>\r\n\r\n<\/div><\/div>\n<\/fieldset>\n<\/div>\n\n<\/form>\n<\/div>\n\n\r\n        <\/div>\r\n\r\n    <\/div>\r\n    \r\n<\/section>\n\n<section class=\"parallax full flex-col-center-center\" style=\"background: url(https:\/\/foxcreekgolfclub.ca\/fr\/wp-content\/uploads\/sites\/2\/2023\/11\/UP_FoxCreek_ScreenGrab_1.9.1.jpg) no-repeat center; background-size: cover; background-attachment: fixed; padding-top: 350px; padding-bottom: 350px;\">\r\n\r\n\t        \r\n\t<div class=\"center center-align\">\r\n\r\n\t\t\r\n\t<\/div>\r\n\t\r\n<\/section>\n\n<section class=\"copy-block full\" style=\"background-color: #6d6a65; padding-top: 150px; padding-bottom: 150px;\">\r\n\r\n\t<div class=\"center center-align\">\r\n\r\n\t\t\t\t\t\r\n\t\t\t\r\n\t\t\t\t\r\n\t\t\t\t\r\n\t\t\t\t\r\n\t\t\t\t\t<p class=\"subtitle\" style=\"color: #f9f6ef; margin-bottom: 25px;\">\u00ab TOUT AU LONG VOTRE TOURN\u00c9E, VOUS AUREZ DES PAYSAGES \u00c0 COUPER LE SOUFFLE ET DES PAYSAGES LUXURIANTS AU COEUR DE LA VILLE DE DIEPPE. \u00bb<\/p>\r\n\r\n\t\t\t\t\r\n\t\t\t\t\r\n\t\t\t\t\r\n\t\t\t\t\r\n\t\t\t\t\r\n\t\t\t\t\r\n\t\t\t\t\r\n\t\t\t\r\n\t\t\t\t\r\n\t\t\t\t\r\n\t\t\t\t\r\n\t\t\t\t\r\n\t\t\t\t\r\n\t\t\t\t\t<p class=\"copy\" style=\"color: #f9f6ef; margin-bottom: 0px;\">\u2014eighteenunderpar.com<\/p>\r\n\r\n\t\t\t\t\r\n\t\t\t\t\r\n\t\t\t\t\r\n\t\t\t\t\r\n\t\t\t\t\r\n\t\t\t\t\t\t\r\n\t\t\r\n\t<\/div>\r\n\r\n<\/section>","protected":false},"excerpt":{"rendered":"","protected":false},"author":6,"featured_media":0,"parent":0,"menu_order":0,"comment_status":"closed","ping_status":"closed","template":"","meta":{"_acf_changed":false,"footnotes":""},"class_list":["post-2430","page","type-page","status-publish","hentry"],"acf":[],"_links":{"self":[{"href":"https:\/\/foxcreekgolfclub.ca\/fr\/wp-json\/wp\/v2\/pages\/2430","targetHints":{"allow":["GET"]}}],"collection":[{"href":"https:\/\/foxcreekgolfclub.ca\/fr\/wp-json\/wp\/v2\/pages"}],"about":[{"href":"https:\/\/foxcreekgolfclub.ca\/fr\/wp-json\/wp\/v2\/types\/page"}],"author":[{"embeddable":true,"href":"https:\/\/foxcreekgolfclub.ca\/fr\/wp-json\/wp\/v2\/users\/6"}],"replies":[{"embeddable":true,"href":"https:\/\/foxcreekgolfclub.ca\/fr\/wp-json\/wp\/v2\/comments?post=2430"}],"version-history":[{"count":56,"href":"https:\/\/foxcreekgolfclub.ca\/fr\/wp-json\/wp\/v2\/pages\/2430\/revisions"}],"predecessor-version":[{"id":2700,"href":"https:\/\/foxcreekgolfclub.ca\/fr\/wp-json\/wp\/v2\/pages\/2430\/revisions\/2700"}],"wp:attachment":[{"href":"https:\/\/foxcreekgolfclub.ca\/fr\/wp-json\/wp\/v2\/media?parent=2430"}],"curies":[{"name":"wp","href":"https:\/\/api.w.org\/{rel}","templated":true}]}}