{"id":397,"date":"2021-04-01T13:03:21","date_gmt":"2021-04-01T17:03:21","guid":{"rendered":"https:\/\/foxcreekgolfclub.ca\/fr\/?page_id=397"},"modified":"2023-11-23T18:08:02","modified_gmt":"2023-11-23T23:08:02","slug":"pagedaccueil","status":"publish","type":"page","link":"https:\/\/foxcreekgolfclub.ca\/fr\/","title":{"rendered":"Page d&#8217;accueil"},"content":{"rendered":"<section class=\"parallax full flex-col-center-center\" style=\"background: url(https:\/\/foxcreekgolfclub.ca\/fr\/wp-content\/uploads\/sites\/2\/2021\/04\/DSC00600.jpg) no-repeat center; background-size: cover; background-attachment: fixed; padding-top: 500px; padding-bottom: 200px;\">\r\n\r\n\t\r\n\t\t<video autoplay muted loop>\r\n\t\t\t<source src=\"https:\/\/player.vimeo.com\/progressive_redirect\/playback\/877684773\/rendition\/720p\/file.mp4?loc=external&#038;log_user=0&#038;signature=c4f7a4268a16346ed00972778bcc0155052c3b7b99982f10ee5c3db52c352fdb\" type=\"video\/mp4\">\r\n\t\t<\/video>\r\n\r\n\t        \r\n\t<div class=\"center center-align\">\r\n\r\n\t\t\r\n\t\t\t\r\n\t\t\t\t\r\n\t\t\t\t\t<p class=\"title\" style=\"color: #f9f6ef; margin-bottom: 25px;\">L&#8217;EXP\u00c9RIENCE EXCLUSIVE DES MEMBRES<\/p>\r\n\r\n\t\t\t\t\r\n\t\t\t\t\r\n\t\t\t\t\r\n\t\t\t\t\r\n\t\t\t\t\t\t\t\r\n\t\t\t\r\n\t\t\t\t\r\n\t\t\t\t\r\n\t\t\t\t\r\n\t\t\t\t\r\n\t\t\t\t\t<p class=\"copy\" style=\"color: #FFF; margin-bottom: 0px;\">Le Club de Golf Fox Creek, l\u2019installation de golf la mieux cot\u00e9e dans le sud-est du Nouveau-Brunswick.<\/p>\r\n\r\n\t\t\t\t\r\n\t\t\t\t\t\t\t\r\n\t\t\t\r\n\t\t\r\n\t<\/div>\r\n\t\r\n<\/section>\n\n<section class=\"picture-parallax full\" style=\"background: #f9f6ef; padding-top: 200px; padding-bottom: 200px;\">\r\n\r\n    <div class=\"center flex-row-between-stretch left-align\">\r\n\r\n        <div class=\"picture-holder\">\r\n\r\n            \r\n                \r\n                    <div class=\"picture\" style=\"background: url(https:\/\/foxcreekgolfclub.ca\/fr\/wp-content\/uploads\/sites\/2\/2021\/04\/DSC00113.jpg ) no-repeat center; background-size: cover; width: 65%; height: 500px;\"><\/div>\r\n                \r\n                \r\n                    <div class=\"picture\" style=\"background: url(https:\/\/foxcreekgolfclub.ca\/fr\/wp-content\/uploads\/sites\/2\/2021\/04\/DSC00600.jpg ) no-repeat center; background-size: cover; width: 55%; height: 300px;\"><\/div>\r\n                \r\n                \r\n            \r\n        <\/div>\r\n\r\n        <div class=\"info-holder\">\r\n\r\n            \r\n                \r\n                    \r\n                    \r\n                    \r\n                        <p class=\"subhead\" style=\"margin-bottom: 25px; color: #6d6a65;\">L&#8217;EXP\u00c9RIENCE DE GOLF PRIV\u00c9<\/p>\r\n\r\n                    \r\n                    \r\n                        \r\n\r\n                \r\n                    \r\n                    \r\n                    \r\n                    \r\n                        <p class=\"copy\" style=\"margin-bottom: 0px; color: #222222;\">Fatigu\u00e9 de la difficult\u00e9 \u00e0 obtenir des temps de d\u00e9part, de longues rondes et des conditions douteuses? Venez ensuite \u00e0 Fox Creek\u2014 Le seul club de golf priv\u00e9 dans le sud-est du Nouveau-Brunswick. M\u00eame terrain de golf impeccable, mais une exp\u00e9rience enti\u00e8rement nouvelle.<br \/>\r\n<br \/>\r\nL\u2019exp\u00e9rience du golf priv\u00e9 : en tant que membre, vous ferez partie d\u2019un parcours toujours accessible. Aucun \u00e9v\u00e9nements ext\u00e9rieurs. Horaires de d\u00e9part faciles \u00e0 r\u00e9server. Rondes plus rapides. Une excellente installation de pratique g\u00e9r\u00e9e par les meilleurs professionnels de la PGA du Canada. Un salon r\u00e9serv\u00e9 aux membres seulement. C\u2019est le nouveau Fox Creek.<\/p>\r\n\r\n                    \r\n                        \r\n\r\n                \r\n            \r\n        <\/div>\r\n\r\n    <\/div>\r\n\r\n<\/section>\n\n<section class=\"parallax full flex-col-center-center\" style=\"background: url(https:\/\/foxcreekgolfclub.ca\/fr\/wp-content\/uploads\/sites\/2\/2023\/11\/UP_FoxCreek_ScreenGrab_1.20.1.jpg) no-repeat center; background-size: cover; background-attachment: fixed; padding-top: 350px; padding-bottom: 350px;\">\r\n\r\n\t        \r\n\t<div class=\"center center-align\">\r\n\r\n\t\t\r\n\t<\/div>\r\n\t\r\n<\/section>\n\n<section class=\"parallax full flex-col-center-center\" style=\"background: url(https:\/\/foxcreekgolfclub.ca\/fr\/wp-content\/uploads\/sites\/2\/2023\/11\/UP_FoxCreek_ScreenGrab_1.2.1.jpg) no-repeat center; background-size: cover; background-attachment: fixed; padding-top: 350px; padding-bottom: 350px;\">\r\n\r\n\t        \r\n\t<div class=\"center center-align\">\r\n\r\n\t\t\r\n\t<\/div>\r\n\t\r\n<\/section>\n\n<section class=\"copy-block full\" style=\"background-color: #6d6a65; padding-top: 100px; padding-bottom: 100px;\">\r\n\r\n\t<div class=\"center center-align\">\r\n\r\n\t\t\t\t\t\r\n\t\t\t\r\n\t\t\t\t\r\n\t\t\t\t\r\n\t\t\t\t\r\n\t\t\t\t\t<p class=\"subtitle\" style=\"color: #f9f6ef; margin-bottom: 25px;\">\u00ab LE PARCOURS EST MAGNIFIQUE, TR\u00c8S BIEN ENTRETENU ET LES VERTS SONT PARFAITS. \u00bb<\/p>\r\n\r\n\t\t\t\t\r\n\t\t\t\t\r\n\t\t\t\t\r\n\t\t\t\t\r\n\t\t\t\t\r\n\t\t\t\t\r\n\t\t\t\t\r\n\t\t\t\r\n\t\t\t\t\r\n\t\t\t\t\r\n\t\t\t\t\r\n\t\t\t\t\r\n\t\t\t\t\r\n\t\t\t\t\r\n\t\t\t\t\t<div class=\"full flex-row-center-center\" style=\"margin-bottom: 25px;\"><div class=\"keyline\" style=\"background-color: #d9cbc0;\"><\/div><\/div>\r\n\r\n\t\t\t\t\r\n\t\t\t\t\r\n\t\t\t\t\r\n\t\t\t\t\r\n\t\t\t\r\n\t\t\t\t\r\n\t\t\t\t\r\n\t\t\t\t\r\n\t\t\t\t\r\n\t\t\t\t\r\n\t\t\t\t\t<p class=\"copy\" style=\"color: #f9f6ef; margin-bottom: 0px;\">\u2014Tripadvisor.com<\/p>\r\n\r\n\t\t\t\t\r\n\t\t\t\t\r\n\t\t\t\t\r\n\t\t\t\t\r\n\t\t\t\t\r\n\t\t\t\t\t\t\r\n\t\t\r\n\t<\/div>\r\n\r\n<\/section>\n\n<style>\r\n\r\n\t.triple-image .center .image:hover > .content-fill .title {\r\n\t\tcolor: #f9f6ef !important;\r\n\t\ttransition: .25s ease-in;\r\n\t}\r\n\r\n<\/style>\r\n\r\n<section class=\"triple-image full border-with-blur aos-true\" style=\"background-color: #f9f6ef; padding-top: 150px; padding-bottom: 100px;\">\r\n\r\n\t<div class=\"center flex-row-between-stretch\">\r\n\r\n\t\t\r\n\t\t\t\t\t\r\n\t\t\t\t\t\t\r\n\t\t\t\t<a data-aos=\"fade-left\" class=\"image\" href=\"https:\/\/foxcreekgolfclub.ca\/fr\/golf\/\" style=\"padding-top: 100px; padding-bottom: 100px;\">\r\n\r\n\t\t\t\t\t<div class=\"border-fill\" style=\"border: 3px solid ;\"><\/div>\r\n\r\n\t\t\t\t\t<div class=\"image-fill\" style=\"background: url(https:\/\/foxcreekgolfclub.ca\/fr\/wp-content\/uploads\/sites\/2\/2023\/11\/UP_FoxCreek_ScreenGrab_1.9.1.jpg) no-repeat center; background-size: cover;\"><\/div>\r\n\r\n\t\t\t\t\t<div class=\"content-fill\"><p class=\"subtitle\" style=\"color: #FFF;\">LE GOLF<\/p><\/div>\r\n\r\n\t\t\t\t<\/a>\r\n\t\t\t\r\n\t\t\t\t\t\t\r\n\t\t\t\t<a data-aos=\"fade-down\" class=\"image\" href=\"https:\/\/foxcreekgolfclub.ca\/fr\/lifestyle\/\" style=\"padding-top: 100px; padding-bottom: 100px;\">\r\n\r\n\t\t\t\t\t<div class=\"border-fill\" style=\"border: 3px solid ;\"><\/div>\r\n\r\n\t\t\t\t\t<div class=\"image-fill\" style=\"background: url(https:\/\/foxcreekgolfclub.ca\/fr\/wp-content\/uploads\/sites\/2\/2023\/11\/UP_FoxCreek_ScreenGrab_1.18.1.jpg) no-repeat center; background-size: cover;\"><\/div>\r\n\r\n\t\t\t\t\t<div class=\"content-fill\"><p class=\"subtitle\" style=\"color: #FFF;\">MODE DE VIE<\/p><\/div>\r\n\r\n\t\t\t\t<\/a>\r\n\t\t\t\r\n\t\t\t\t\t\t\r\n\t\t\t\t<a data-aos=\"fade-right\" class=\"image\" href=\"https:\/\/foxcreekgolfclub.ca\/fr\/membership\/\" style=\"padding-top: 100px; padding-bottom: 100px;\">\r\n\r\n\t\t\t\t\t<div class=\"border-fill\" style=\"border: 3px solid ;\"><\/div>\r\n\r\n\t\t\t\t\t<div class=\"image-fill\" style=\"background: url(https:\/\/foxcreekgolfclub.ca\/fr\/wp-content\/uploads\/sites\/2\/2023\/11\/UP_FoxCreek_ScreenGrab_1.3.1.jpg) no-repeat center; background-size: cover;\"><\/div>\r\n\r\n\t\t\t\t\t<div class=\"content-fill\"><p class=\"subtitle\" style=\"color: #FFF;\"> ADH\u00c9SION<\/p><\/div>\r\n\r\n\t\t\t\t<\/a>\r\n\t\t\t\r\n\t\t\t\t\t\t\r\n\t\t\r\n\t<\/div>\r\n\r\n<\/section>","protected":false},"excerpt":{"rendered":"","protected":false},"author":6,"featured_media":0,"parent":0,"menu_order":0,"comment_status":"closed","ping_status":"closed","template":"","meta":{"_acf_changed":false,"footnotes":""},"class_list":["post-397","page","type-page","status-publish","hentry"],"acf":[],"_links":{"self":[{"href":"https:\/\/foxcreekgolfclub.ca\/fr\/wp-json\/wp\/v2\/pages\/397","targetHints":{"allow":["GET"]}}],"collection":[{"href":"https:\/\/foxcreekgolfclub.ca\/fr\/wp-json\/wp\/v2\/pages"}],"about":[{"href":"https:\/\/foxcreekgolfclub.ca\/fr\/wp-json\/wp\/v2\/types\/page"}],"author":[{"embeddable":true,"href":"https:\/\/foxcreekgolfclub.ca\/fr\/wp-json\/wp\/v2\/users\/6"}],"replies":[{"embeddable":true,"href":"https:\/\/foxcreekgolfclub.ca\/fr\/wp-json\/wp\/v2\/comments?post=397"}],"version-history":[{"count":157,"href":"https:\/\/foxcreekgolfclub.ca\/fr\/wp-json\/wp\/v2\/pages\/397\/revisions"}],"predecessor-version":[{"id":2690,"href":"https:\/\/foxcreekgolfclub.ca\/fr\/wp-json\/wp\/v2\/pages\/397\/revisions\/2690"}],"wp:attachment":[{"href":"https:\/\/foxcreekgolfclub.ca\/fr\/wp-json\/wp\/v2\/media?parent=397"}],"curies":[{"name":"wp","href":"https:\/\/api.w.org\/{rel}","templated":true}]}}